{"id":9010,"date":"2021-01-29T20:25:58","date_gmt":"2021-01-30T01:25:58","guid":{"rendered":"https:\/\/toimoibebe.com\/who-are-we\/"},"modified":"2024-04-08T11:58:18","modified_gmt":"2024-04-08T15:58:18","slug":"about-us","status":"publish","type":"page","link":"https:\/\/toimoibebe.ca\/en\/about-us\/","title":{"rendered":"About Us"},"content":{"rendered":"\t\t<div data-elementor-type=\"wp-page\" data-elementor-id=\"9010\" class=\"elementor elementor-9010 elementor-2933\" data-elementor-post-type=\"page\">\n\t\t\t\t<div class=\"elementor-element elementor-element-36a0ee73 e-flex e-con-boxed e-con e-parent\" data-id=\"36a0ee73\" data-element_type=\"container\" data-e-type=\"container\">\n\t\t\t\t\t<div class=\"e-con-inner\">\n\t\t\t\t<div class=\"elementor-element elementor-element-3a49cb37 elementor-widget elementor-widget-text-editor\" data-id=\"3a49cb37\" data-element_type=\"widget\" data-e-type=\"widget\" data-widget_type=\"text-editor.default\">\n\t\t\t\t<div class=\"elementor-widget-container\">\n\t\t\t\t\t\t\t\t\t<p><em>You, Me, Baby<\/em> was produced by a clinical and research team from the CHU Sainte-Justine composed of M. St-Andr\u00e9, J. B\u00e9land, T.C. Montreuil, C. M. Herba, V. Samson, M. Cl\u00e9ment, under the direction of Prof. Sylvana Cote. Developed as part of a research project at the CHU Sainte-Justine, <em>You, Me, Baby<\/em> was the subject of a randomized clinical trial by integrating telephone coaching into the initial approach. The results of this study are forthcoming.<\/p><p>The <em>You, Me, Baby<\/em> is an adaptation of the scientifically validated <a href=\"https:\/\/www.emb.health\/\" target=\"_blank\" rel=\"noreferrer noopener\"><em><strong>Mothers and Babies<\/strong><\/em><\/a> program. This program was developed by R. Mu\u00f1oz, H.N. Le, A. Barrera and D. Tandon from Palo Alto University in California, USA.<\/p><p><em>You, Me, Baby<\/em>\u00a0is also powered by the <a href=\"https:\/\/ciusss-estmtl.gouv.qc.ca\/propos\/centre-dexpertise-en-technologie-de-linformation-en-sante-mentale-dependance-et-itinerance-ceti-smdi\"><em>Centre d&#8217;expertise en technologie de l&#8217;information en sant\u00e9 mentale, d\u00e9pendance et itin\u00e9rance<\/em><\/a> (CETI-SMDI) at the Montreal Island-East CIUSSS.\u00a0 CETI-SMDI is responsible for the <a href=\"https:\/\/www.quebec.ca\/nouvelles\/actualites\/details\/deploiement-de-la-strategie-dacceleration-et-dintegration-de-la-sante-mentale-numerique-40935\">digital acceleration strategy for mental health in Quebec<\/a>. This strategy aims to increase accessibility to mental health care and services in Quebec.<\/p>\t\t\t\t\t\t\t\t<\/div>\n\t\t\t\t<\/div>\n\t\t\t\t\t<\/div>\n\t\t\t\t<\/div>\n\t\t\t\t<\/div>\n\t\t","protected":false},"excerpt":{"rendered":"<p>You, Me, Baby was produced by a clinical and research team from the CHU Sainte-Justine composed of M. St-Andr\u00e9, J. B\u00e9land, T.C. Montreuil, C. M. Herba, V. Samson, M. Cl\u00e9ment, under the direction of Prof. Sylvana Cote. Developed as part of a research project at the CHU Sainte-Justine, You, Me, Baby was the subject of [&hellip;]<\/p>\n","protected":false},"author":13084,"featured_media":0,"parent":0,"menu_order":100,"comment_status":"closed","ping_status":"closed","template":"","meta":{"_acf_changed":false,"site-sidebar-layout":"no-sidebar","site-content-layout":"default","ast-site-content-layout":"default","site-content-style":"default","site-sidebar-style":"default","ast-global-header-display":"","ast-banner-title-visibility":"","ast-main-header-display":"","ast-hfb-above-header-display":"","ast-hfb-below-header-display":"","ast-hfb-mobile-header-display":"","site-post-title":"","ast-breadcrumbs-content":"","ast-featured-img":"","footer-sml-layout":"","theme-transparent-header-meta":"default","adv-header-id-meta":"","stick-header-meta":"default","header-above-stick-meta":"","header-main-stick-meta":"","header-below-stick-meta":"","astra-migrate-meta-layouts":"set","ast-page-background-enabled":"default","ast-page-background-meta":{"desktop":{"background-color":"","background-image":"","background-repeat":"repeat","background-position":"center center","background-size":"auto","background-attachment":"scroll","background-type":"","background-media":"","overlay-type":"","overlay-color":"","overlay-opacity":"","overlay-gradient":""},"tablet":{"background-color":"","background-image":"","background-repeat":"repeat","background-position":"center center","background-size":"auto","background-attachment":"scroll","background-type":"","background-media":"","overlay-type":"","overlay-color":"","overlay-opacity":"","overlay-gradient":""},"mobile":{"background-color":"","background-image":"","background-repeat":"repeat","background-position":"center center","background-size":"auto","background-attachment":"scroll","background-type":"","background-media":"","overlay-type":"","overlay-color":"","overlay-opacity":"","overlay-gradient":""}},"ast-content-background-meta":{"desktop":{"background-color":"var(--ast-global-color-5)","background-image":"","background-repeat":"repeat","background-position":"center center","background-size":"auto","background-attachment":"scroll","background-type":"","background-media":"","overlay-type":"","overlay-color":"","overlay-opacity":"","overlay-gradient":""},"tablet":{"background-color":"var(--ast-global-color-5)","background-image":"","background-repeat":"repeat","background-position":"center center","background-size":"auto","background-attachment":"scroll","background-type":"","background-media":"","overlay-type":"","overlay-color":"","overlay-opacity":"","overlay-gradient":""},"mobile":{"background-color":"var(--ast-global-color-5)","background-image":"","background-repeat":"repeat","background-position":"center center","background-size":"auto","background-attachment":"scroll","background-type":"","background-media":"","overlay-type":"","overlay-color":"","overlay-opacity":"","overlay-gradient":""}},"h5ap_radio_sources":[],"footnotes":""},"wf_page_folders":[23],"class_list":["post-9010","page","type-page","status-publish","hentry"],"acf":[],"_links":{"self":[{"href":"https:\/\/toimoibebe.ca\/en\/wp-json\/wp\/v2\/pages\/9010","targetHints":{"allow":["GET"]}}],"collection":[{"href":"https:\/\/toimoibebe.ca\/en\/wp-json\/wp\/v2\/pages"}],"about":[{"href":"https:\/\/toimoibebe.ca\/en\/wp-json\/wp\/v2\/types\/page"}],"author":[{"embeddable":true,"href":"https:\/\/toimoibebe.ca\/en\/wp-json\/wp\/v2\/users\/13084"}],"replies":[{"embeddable":true,"href":"https:\/\/toimoibebe.ca\/en\/wp-json\/wp\/v2\/comments?post=9010"}],"version-history":[{"count":8,"href":"https:\/\/toimoibebe.ca\/en\/wp-json\/wp\/v2\/pages\/9010\/revisions"}],"predecessor-version":[{"id":11534,"href":"https:\/\/toimoibebe.ca\/en\/wp-json\/wp\/v2\/pages\/9010\/revisions\/11534"}],"wp:attachment":[{"href":"https:\/\/toimoibebe.ca\/en\/wp-json\/wp\/v2\/media?parent=9010"}],"wp:term":[{"taxonomy":"wf_page_folders","embeddable":true,"href":"https:\/\/toimoibebe.ca\/en\/wp-json\/wp\/v2\/wf_page_folders?post=9010"}],"curies":[{"name":"wp","href":"https:\/\/api.w.org\/{rel}","templated":true}]}}